{"id":139,"date":"2020-06-07T16:49:14","date_gmt":"2020-06-07T16:49:14","guid":{"rendered":"https:\/\/markas.ma\/fr\/?page_id=139"},"modified":"2020-06-25T20:56:47","modified_gmt":"2020-06-25T20:56:47","slug":"signaletique-et-mobilier-urbain","status":"publish","type":"page","link":"http:\/\/markas.ma\/fr\/signaletique-et-mobilier-urbain\/","title":{"rendered":"Signal\u00e9tique et mobilier urbain"},"content":{"rendered":"\t\t<div data-elementor-type=\"wp-page\" data-elementor-id=\"139\" class=\"elementor elementor-139\" data-elementor-settings=\"[]\">\n\t\t\t<div class=\"elementor-inner\">\n\t\t\t\t<div class=\"elementor-section-wrap\">\n\t\t\t\t\t\t\t<section class=\"elementor-element elementor-element-1736b99 elementor-section-height-min-height elementor-section-boxed elementor-section-height-default elementor-section-items-middle elementor-section elementor-top-section\" data-id=\"1736b99\" data-element_type=\"section\" data-settings=\"{&quot;background_background&quot;:&quot;classic&quot;}\">\n\t\t\t\t\t\t<div class=\"elementor-container elementor-column-gap-default\">\n\t\t\t\t<div class=\"elementor-row\">\n\t\t\t\t<div class=\"elementor-element elementor-element-aa45365 elementor-column elementor-col-100 elementor-top-column\" data-id=\"aa45365\" data-element_type=\"column\">\n\t\t\t<div class=\"elementor-column-wrap\">\n\t\t\t\t\t<div class=\"elementor-widget-wrap\">\n\t\t\t\t\t\t<\/div>\n\t\t\t<\/div>\n\t\t<\/div>\n\t\t\t\t\t\t<\/div>\n\t\t\t<\/div>\n\t\t<\/section>\n\t\t\t\t<section class=\"elementor-element elementor-element-53fdc989 elementor-section-boxed elementor-section-height-default elementor-section-height-default elementor-section elementor-top-section\" data-id=\"53fdc989\" data-element_type=\"section\">\n\t\t\t\t\t\t<div class=\"elementor-container elementor-column-gap-default\">\n\t\t\t\t<div class=\"elementor-row\">\n\t\t\t\t<div class=\"elementor-element elementor-element-15cca7b3 elementor-column elementor-col-100 elementor-top-column\" data-id=\"15cca7b3\" data-element_type=\"column\">\n\t\t\t<div class=\"elementor-column-wrap  elementor-element-populated\">\n\t\t\t\t\t<div class=\"elementor-widget-wrap\">\n\t\t\t\t<div class=\"elementor-element elementor-element-40298ab8 elementor-widget elementor-widget-image-gallery\" data-id=\"40298ab8\" data-element_type=\"widget\" data-widget_type=\"image-gallery.default\">\n\t\t\t\t<div class=\"elementor-widget-container\">\n\t\t\t\t\t<div class=\"elementor-image-gallery\">\n\t\t\t<div id='gallery-1' class='gallery galleryid-139 gallery-columns-5 gallery-size-full'><figure class='gallery-item'>\n\t\t\t<div class='gallery-icon portrait'>\n\t\t\t\t<a data-elementor-open-lightbox=\"no\" href='http:\/\/markas.ma\/fr\/wp-content\/uploads\/2020\/06\/2-4.jpg'><img loading=\"lazy\" decoding=\"async\" width=\"300\" height=\"596\" src=\"http:\/\/markas.ma\/fr\/wp-content\/uploads\/2020\/06\/2-4.jpg\" class=\"attachment-full size-full\" alt=\"\" srcset=\"http:\/\/markas.ma\/fr\/wp-content\/uploads\/2020\/06\/2-4.jpg 300w, http:\/\/markas.ma\/fr\/wp-content\/uploads\/2020\/06\/2-4-151x300.jpg 151w\" sizes=\"(max-width: 300px) 100vw, 300px\" \/><\/a>\n\t\t\t<\/div><\/figure><figure class='gallery-item'>\n\t\t\t<div class='gallery-icon portrait'>\n\t\t\t\t<a data-elementor-open-lightbox=\"no no\" href='http:\/\/markas.ma\/fr\/wp-content\/uploads\/2020\/06\/3-4.jpg'><img loading=\"lazy\" decoding=\"async\" width=\"300\" height=\"596\" src=\"http:\/\/markas.ma\/fr\/wp-content\/uploads\/2020\/06\/3-4.jpg\" class=\"attachment-full size-full\" alt=\"\" srcset=\"http:\/\/markas.ma\/fr\/wp-content\/uploads\/2020\/06\/3-4.jpg 300w, http:\/\/markas.ma\/fr\/wp-content\/uploads\/2020\/06\/3-4-151x300.jpg 151w\" sizes=\"(max-width: 300px) 100vw, 300px\" \/><\/a>\n\t\t\t<\/div><\/figure><figure class='gallery-item'>\n\t\t\t<div class='gallery-icon portrait'>\n\t\t\t\t<a data-elementor-open-lightbox=\"no no no\" href='http:\/\/markas.ma\/fr\/wp-content\/uploads\/2020\/06\/4-4.jpg'><img loading=\"lazy\" decoding=\"async\" width=\"300\" height=\"596\" src=\"http:\/\/markas.ma\/fr\/wp-content\/uploads\/2020\/06\/4-4.jpg\" class=\"attachment-full size-full\" alt=\"\" srcset=\"http:\/\/markas.ma\/fr\/wp-content\/uploads\/2020\/06\/4-4.jpg 300w, http:\/\/markas.ma\/fr\/wp-content\/uploads\/2020\/06\/4-4-151x300.jpg 151w\" sizes=\"(max-width: 300px) 100vw, 300px\" \/><\/a>\n\t\t\t<\/div><\/figure><figure class='gallery-item'>\n\t\t\t<div class='gallery-icon portrait'>\n\t\t\t\t<a data-elementor-open-lightbox=\"no no no no\" href='http:\/\/markas.ma\/fr\/wp-content\/uploads\/2020\/06\/5-4.jpg'><img loading=\"lazy\" decoding=\"async\" width=\"300\" height=\"596\" src=\"http:\/\/markas.ma\/fr\/wp-content\/uploads\/2020\/06\/5-4.jpg\" class=\"attachment-full size-full\" alt=\"\" srcset=\"http:\/\/markas.ma\/fr\/wp-content\/uploads\/2020\/06\/5-4.jpg 300w, http:\/\/markas.ma\/fr\/wp-content\/uploads\/2020\/06\/5-4-151x300.jpg 151w\" sizes=\"(max-width: 300px) 100vw, 300px\" \/><\/a>\n\t\t\t<\/div><\/figure><figure class='gallery-item'>\n\t\t\t<div class='gallery-icon portrait'>\n\t\t\t\t<a data-elementor-open-lightbox=\"no no no no no\" href='http:\/\/markas.ma\/fr\/wp-content\/uploads\/2020\/06\/6-4.jpg'><img loading=\"lazy\" decoding=\"async\" width=\"300\" height=\"596\" src=\"http:\/\/markas.ma\/fr\/wp-content\/uploads\/2020\/06\/6-4.jpg\" class=\"attachment-full size-full\" alt=\"\" srcset=\"http:\/\/markas.ma\/fr\/wp-content\/uploads\/2020\/06\/6-4.jpg 300w, http:\/\/markas.ma\/fr\/wp-content\/uploads\/2020\/06\/6-4-151x300.jpg 151w\" sizes=\"(max-width: 300px) 100vw, 300px\" \/><\/a>\n\t\t\t<\/div><\/figure>\n\t\t<\/div>\n\t\t<\/div>\n\t\t\t\t<\/div>\n\t\t\t\t<\/div>\n\t\t\t\t\t\t<\/div>\n\t\t\t<\/div>\n\t\t<\/div>\n\t\t\t\t\t\t<\/div>\n\t\t\t<\/div>\n\t\t<\/section>\n\t\t\t\t<section class=\"elementor-element elementor-element-09e9a47 elementor-section-boxed elementor-section-height-default elementor-section-height-default elementor-section elementor-top-section\" data-id=\"09e9a47\" data-element_type=\"section\">\n\t\t\t\t\t\t<div class=\"elementor-container elementor-column-gap-default\">\n\t\t\t\t<div class=\"elementor-row\">\n\t\t\t\t<div class=\"elementor-element elementor-element-c0dcaaf elementor-column elementor-col-100 elementor-top-column\" data-id=\"c0dcaaf\" data-element_type=\"column\">\n\t\t\t<div class=\"elementor-column-wrap  elementor-element-populated\">\n\t\t\t\t\t<div class=\"elementor-widget-wrap\">\n\t\t\t\t<div class=\"elementor-element elementor-element-fb8d1f7 elementor-widget elementor-widget-image-gallery\" data-id=\"fb8d1f7\" data-element_type=\"widget\" data-widget_type=\"image-gallery.default\">\n\t\t\t\t<div class=\"elementor-widget-container\">\n\t\t\t\t\t<div class=\"elementor-image-gallery\">\n\t\t\t<div id='gallery-2' class='gallery galleryid-139 gallery-columns-2 gallery-size-full'><figure class='gallery-item'>\n\t\t\t<div class='gallery-icon landscape'>\n\t\t\t\t<a data-elementor-open-lightbox=\"no\" href='http:\/\/markas.ma\/fr\/wp-content\/uploads\/2020\/06\/7-4.jpg'><img loading=\"lazy\" decoding=\"async\" width=\"500\" height=\"303\" src=\"http:\/\/markas.ma\/fr\/wp-content\/uploads\/2020\/06\/7-4.jpg\" class=\"attachment-full size-full\" alt=\"\" srcset=\"http:\/\/markas.ma\/fr\/wp-content\/uploads\/2020\/06\/7-4.jpg 500w, http:\/\/markas.ma\/fr\/wp-content\/uploads\/2020\/06\/7-4-300x182.jpg 300w\" sizes=\"(max-width: 500px) 100vw, 500px\" \/><\/a>\n\t\t\t<\/div><\/figure><figure class='gallery-item'>\n\t\t\t<div class='gallery-icon landscape'>\n\t\t\t\t<a data-elementor-open-lightbox=\"no no\" href='http:\/\/markas.ma\/fr\/wp-content\/uploads\/2020\/06\/8-3.jpg'><img loading=\"lazy\" decoding=\"async\" width=\"800\" height=\"317\" src=\"http:\/\/markas.ma\/fr\/wp-content\/uploads\/2020\/06\/8-3.jpg\" class=\"attachment-full size-full\" alt=\"\" srcset=\"http:\/\/markas.ma\/fr\/wp-content\/uploads\/2020\/06\/8-3.jpg 800w, http:\/\/markas.ma\/fr\/wp-content\/uploads\/2020\/06\/8-3-300x119.jpg 300w, http:\/\/markas.ma\/fr\/wp-content\/uploads\/2020\/06\/8-3-768x304.jpg 768w\" sizes=\"(max-width: 800px) 100vw, 800px\" \/><\/a>\n\t\t\t<\/div><\/figure>\n\t\t<\/div>\n\t\t<\/div>\n\t\t\t\t<\/div>\n\t\t\t\t<\/div>\n\t\t\t\t\t\t<\/div>\n\t\t\t<\/div>\n\t\t<\/div>\n\t\t\t\t\t\t<\/div>\n\t\t\t<\/div>\n\t\t<\/section>\n\t\t\t\t<section class=\"elementor-element elementor-element-f45ddcd elementor-section-boxed elementor-section-height-default elementor-section-height-default elementor-section elementor-top-section\" data-id=\"f45ddcd\" data-element_type=\"section\">\n\t\t\t\t\t\t<div class=\"elementor-container elementor-column-gap-default\">\n\t\t\t\t<div class=\"elementor-row\">\n\t\t\t\t<div class=\"elementor-element elementor-element-5eb446f elementor-column elementor-col-100 elementor-top-column\" data-id=\"5eb446f\" data-element_type=\"column\">\n\t\t\t<div class=\"elementor-column-wrap  elementor-element-populated\">\n\t\t\t\t\t<div class=\"elementor-widget-wrap\">\n\t\t\t\t<div class=\"elementor-element elementor-element-c00d41e elementor-widget elementor-widget-image-gallery\" data-id=\"c00d41e\" data-element_type=\"widget\" data-widget_type=\"image-gallery.default\">\n\t\t\t\t<div class=\"elementor-widget-container\">\n\t\t\t\t\t<div class=\"elementor-image-gallery\">\n\t\t\t<div id='gallery-3' class='gallery galleryid-139 gallery-columns-2 gallery-size-full'><figure class='gallery-item'>\n\t\t\t<div class='gallery-icon landscape'>\n\t\t\t\t<a data-elementor-open-lightbox=\"no\" href='http:\/\/markas.ma\/fr\/wp-content\/uploads\/2020\/06\/9-3.jpg'><img loading=\"lazy\" decoding=\"async\" width=\"800\" height=\"455\" src=\"http:\/\/markas.ma\/fr\/wp-content\/uploads\/2020\/06\/9-3.jpg\" class=\"attachment-full size-full\" alt=\"\" srcset=\"http:\/\/markas.ma\/fr\/wp-content\/uploads\/2020\/06\/9-3.jpg 800w, http:\/\/markas.ma\/fr\/wp-content\/uploads\/2020\/06\/9-3-300x171.jpg 300w, http:\/\/markas.ma\/fr\/wp-content\/uploads\/2020\/06\/9-3-768x437.jpg 768w\" sizes=\"(max-width: 800px) 100vw, 800px\" \/><\/a>\n\t\t\t<\/div><\/figure><figure class='gallery-item'>\n\t\t\t<div class='gallery-icon landscape'>\n\t\t\t\t<a data-elementor-open-lightbox=\"no no\" href='http:\/\/markas.ma\/fr\/wp-content\/uploads\/2020\/06\/10-3.jpg'><img loading=\"lazy\" decoding=\"async\" width=\"800\" height=\"455\" src=\"http:\/\/markas.ma\/fr\/wp-content\/uploads\/2020\/06\/10-3.jpg\" class=\"attachment-full size-full\" alt=\"\" srcset=\"http:\/\/markas.ma\/fr\/wp-content\/uploads\/2020\/06\/10-3.jpg 800w, http:\/\/markas.ma\/fr\/wp-content\/uploads\/2020\/06\/10-3-300x171.jpg 300w, http:\/\/markas.ma\/fr\/wp-content\/uploads\/2020\/06\/10-3-768x437.jpg 768w\" sizes=\"(max-width: 800px) 100vw, 800px\" \/><\/a>\n\t\t\t<\/div><\/figure><figure class='gallery-item'>\n\t\t\t<div class='gallery-icon landscape'>\n\t\t\t\t<a data-elementor-open-lightbox=\"no no no\" href='http:\/\/markas.ma\/fr\/wp-content\/uploads\/2020\/06\/11-3.jpg'><img loading=\"lazy\" decoding=\"async\" width=\"800\" height=\"455\" src=\"http:\/\/markas.ma\/fr\/wp-content\/uploads\/2020\/06\/11-3.jpg\" class=\"attachment-full size-full\" alt=\"\" srcset=\"http:\/\/markas.ma\/fr\/wp-content\/uploads\/2020\/06\/11-3.jpg 800w, http:\/\/markas.ma\/fr\/wp-content\/uploads\/2020\/06\/11-3-300x171.jpg 300w, http:\/\/markas.ma\/fr\/wp-content\/uploads\/2020\/06\/11-3-768x437.jpg 768w\" sizes=\"(max-width: 800px) 100vw, 800px\" \/><\/a>\n\t\t\t<\/div><\/figure><figure class='gallery-item'>\n\t\t\t<div class='gallery-icon landscape'>\n\t\t\t\t<a data-elementor-open-lightbox=\"no no no no\" href='http:\/\/markas.ma\/fr\/wp-content\/uploads\/2020\/06\/12-3.jpg'><img loading=\"lazy\" decoding=\"async\" width=\"800\" height=\"455\" src=\"http:\/\/markas.ma\/fr\/wp-content\/uploads\/2020\/06\/12-3.jpg\" class=\"attachment-full size-full\" alt=\"\" srcset=\"http:\/\/markas.ma\/fr\/wp-content\/uploads\/2020\/06\/12-3.jpg 800w, http:\/\/markas.ma\/fr\/wp-content\/uploads\/2020\/06\/12-3-300x171.jpg 300w, http:\/\/markas.ma\/fr\/wp-content\/uploads\/2020\/06\/12-3-768x437.jpg 768w\" sizes=\"(max-width: 800px) 100vw, 800px\" \/><\/a>\n\t\t\t<\/div><\/figure><figure class='gallery-item'>\n\t\t\t<div class='gallery-icon landscape'>\n\t\t\t\t<a data-elementor-open-lightbox=\"no no no no no\" href='http:\/\/markas.ma\/fr\/wp-content\/uploads\/2020\/06\/13-5.jpg'><img loading=\"lazy\" decoding=\"async\" width=\"600\" height=\"455\" src=\"http:\/\/markas.ma\/fr\/wp-content\/uploads\/2020\/06\/13-5.jpg\" class=\"attachment-full size-full\" alt=\"\" srcset=\"http:\/\/markas.ma\/fr\/wp-content\/uploads\/2020\/06\/13-5.jpg 600w, http:\/\/markas.ma\/fr\/wp-content\/uploads\/2020\/06\/13-5-300x228.jpg 300w\" sizes=\"(max-width: 600px) 100vw, 600px\" \/><\/a>\n\t\t\t<\/div><\/figure><figure class='gallery-item'>\n\t\t\t<div class='gallery-icon landscape'>\n\t\t\t\t<a data-elementor-open-lightbox=\"no no no no no no\" href='http:\/\/markas.ma\/fr\/wp-content\/uploads\/2020\/06\/14-4.jpg'><img loading=\"lazy\" decoding=\"async\" width=\"600\" height=\"455\" src=\"http:\/\/markas.ma\/fr\/wp-content\/uploads\/2020\/06\/14-4.jpg\" class=\"attachment-full size-full\" alt=\"\" srcset=\"http:\/\/markas.ma\/fr\/wp-content\/uploads\/2020\/06\/14-4.jpg 600w, http:\/\/markas.ma\/fr\/wp-content\/uploads\/2020\/06\/14-4-300x228.jpg 300w\" sizes=\"(max-width: 600px) 100vw, 600px\" \/><\/a>\n\t\t\t<\/div><\/figure><figure class='gallery-item'>\n\t\t\t<div class='gallery-icon landscape'>\n\t\t\t\t<a data-elementor-open-lightbox=\"no no no no no no no\" href='http:\/\/markas.ma\/fr\/wp-content\/uploads\/2020\/06\/15-4.jpg'><img loading=\"lazy\" decoding=\"async\" width=\"600\" height=\"455\" src=\"http:\/\/markas.ma\/fr\/wp-content\/uploads\/2020\/06\/15-4.jpg\" class=\"attachment-full size-full\" alt=\"\" srcset=\"http:\/\/markas.ma\/fr\/wp-content\/uploads\/2020\/06\/15-4.jpg 600w, http:\/\/markas.ma\/fr\/wp-content\/uploads\/2020\/06\/15-4-300x228.jpg 300w\" sizes=\"(max-width: 600px) 100vw, 600px\" \/><\/a>\n\t\t\t<\/div><\/figure><figure class='gallery-item'>\n\t\t\t<div class='gallery-icon landscape'>\n\t\t\t\t<a data-elementor-open-lightbox=\"no no no no no no no no\" href='http:\/\/markas.ma\/fr\/wp-content\/uploads\/2020\/06\/16-4.jpg'><img loading=\"lazy\" decoding=\"async\" width=\"600\" height=\"455\" src=\"http:\/\/markas.ma\/fr\/wp-content\/uploads\/2020\/06\/16-4.jpg\" class=\"attachment-full size-full\" alt=\"\" srcset=\"http:\/\/markas.ma\/fr\/wp-content\/uploads\/2020\/06\/16-4.jpg 600w, http:\/\/markas.ma\/fr\/wp-content\/uploads\/2020\/06\/16-4-300x228.jpg 300w\" sizes=\"(max-width: 600px) 100vw, 600px\" \/><\/a>\n\t\t\t<\/div><\/figure><figure class='gallery-item'>\n\t\t\t<div class='gallery-icon landscape'>\n\t\t\t\t<a data-elementor-open-lightbox=\"no no no no no no no no no\" href='http:\/\/markas.ma\/fr\/wp-content\/uploads\/2020\/06\/17-3.jpg'><img loading=\"lazy\" decoding=\"async\" width=\"600\" height=\"455\" src=\"http:\/\/markas.ma\/fr\/wp-content\/uploads\/2020\/06\/17-3.jpg\" class=\"attachment-full size-full\" alt=\"\" srcset=\"http:\/\/markas.ma\/fr\/wp-content\/uploads\/2020\/06\/17-3.jpg 600w, http:\/\/markas.ma\/fr\/wp-content\/uploads\/2020\/06\/17-3-300x228.jpg 300w\" sizes=\"(max-width: 600px) 100vw, 600px\" \/><\/a>\n\t\t\t<\/div><\/figure><figure class='gallery-item'>\n\t\t\t<div class='gallery-icon landscape'>\n\t\t\t\t<a data-elementor-open-lightbox=\"no no no no no no no no no no\" href='http:\/\/markas.ma\/fr\/wp-content\/uploads\/2020\/06\/18-3.jpg'><img loading=\"lazy\" decoding=\"async\" width=\"600\" height=\"455\" src=\"http:\/\/markas.ma\/fr\/wp-content\/uploads\/2020\/06\/18-3.jpg\" class=\"attachment-full size-full\" alt=\"\" srcset=\"http:\/\/markas.ma\/fr\/wp-content\/uploads\/2020\/06\/18-3.jpg 600w, http:\/\/markas.ma\/fr\/wp-content\/uploads\/2020\/06\/18-3-300x228.jpg 300w\" sizes=\"(max-width: 600px) 100vw, 600px\" \/><\/a>\n\t\t\t<\/div><\/figure>\n\t\t<\/div>\n\t\t<\/div>\n\t\t\t\t<\/div>\n\t\t\t\t<\/div>\n\t\t\t\t<div class=\"elementor-element elementor-element-495e01d elementor-widget elementor-widget-text-editor\" data-id=\"495e01d\" data-element_type=\"widget\" data-widget_type=\"text-editor.default\">\n\t\t\t\t<div class=\"elementor-widget-container\">\n\t\t\t\t\t<div class=\"elementor-text-editor elementor-clearfix\"><p>* Ces r\u00e9alisations ont \u00e9t\u00e9 con\u00e7ues par notre infographiste pour le compte d&rsquo;autres entreprises.<\/p><\/div>\n\t\t\t\t<\/div>\n\t\t\t\t<\/div>\n\t\t\t\t\t\t<\/div>\n\t\t\t<\/div>\n\t\t<\/div>\n\t\t\t\t\t\t<\/div>\n\t\t\t<\/div>\n\t\t<\/section>\n\t\t\t\t<section class=\"elementor-element elementor-element-ca07544 elementor-section-boxed elementor-section-height-default elementor-section-height-default elementor-section elementor-top-section\" data-id=\"ca07544\" data-element_type=\"section\">\n\t\t\t\t\t\t<div class=\"elementor-container elementor-column-gap-default\">\n\t\t\t\t<div class=\"elementor-row\">\n\t\t\t\t<div class=\"elementor-element elementor-element-59fac96d elementor-column elementor-col-100 elementor-top-column\" data-id=\"59fac96d\" data-element_type=\"column\">\n\t\t\t<div class=\"elementor-column-wrap  elementor-element-populated\">\n\t\t\t\t\t<div class=\"elementor-widget-wrap\">\n\t\t\t\t<div class=\"elementor-element elementor-element-737ee738 elementor-widget-divider--separator-type-pattern elementor-widget-divider--no-spacing elementor-widget elementor-widget-divider\" data-id=\"737ee738\" data-element_type=\"widget\" data-widget_type=\"divider.default\">\n\t\t\t\t<div class=\"elementor-widget-container\">\n\t\t\t\t\t<div class=\"elementor-divider\" style=\"--divider-pattern-url: url(&quot;data:image\/svg+xml,%3Csvg xmlns=&#039;http:\/\/www.w3.org\/2000\/svg&#039; preserveAspectRatio=&#039;none&#039; overflow=&#039;visible&#039; height=&#039;100%&#039; viewBox=&#039;0 0 24 24&#039; fill=&#039;%23FBC60F&#039; stroke=&#039;none&#039;%3E%3Cpath d=&#039;M24,8v12H0V8H24z M24,4v1H0V4H24z&#039;\/%3E%3C\/svg%3E&quot;);\">\n\t\t\t<span class=\"elementor-divider-separator\">\n\t\t\t\t\t\t<\/span>\n\t\t<\/div>\n\t\t\t\t<\/div>\n\t\t\t\t<\/div>\n\t\t\t\t<div class=\"elementor-element elementor-element-3f600c01 elementor-post-navigation-borders-yes elementor-widget elementor-widget-post-navigation\" data-id=\"3f600c01\" data-element_type=\"widget\" data-widget_type=\"post-navigation.default\">\n\t\t\t\t<div class=\"elementor-widget-container\">\n\t\t\t\t\t<div class=\"elementor-post-navigation elementor-grid\">\n\t\t\t<div class=\"elementor-post-navigation__prev elementor-post-navigation__link\">\n\t\t\t\t<a href=\"http:\/\/markas.ma\/fr\/signalisation-temporaire\/\" rel=\"prev\"><span class=\"post-navigation__arrow-wrapper post-navigation__arrow-prev\"><i class=\"fa fa-chevron-circle-left\" aria-hidden=\"true\"><\/i><span class=\"elementor-screen-only\">Prev<\/span><\/span><span class=\"elementor-post-navigation__link__prev\"><span class=\"post-navigation__prev--label\">page pr\u00e9c\u00e9dente<\/span><span class=\"post-navigation__prev--title\">Signalisation temporaire<\/span><\/span><\/a>\t\t\t<\/div>\n\t\t\t\t\t\t\t<div class=\"elementor-post-navigation__separator-wrapper\">\n\t\t\t\t\t<div class=\"elementor-post-navigation__separator\"><\/div>\n\t\t\t\t<\/div>\n\t\t\t\t\t\t<div class=\"elementor-post-navigation__next elementor-post-navigation__link\">\n\t\t\t\t<a href=\"http:\/\/markas.ma\/fr\/air-de-jeux\/\" rel=\"next\"><span class=\"elementor-post-navigation__link__next\"><span class=\"post-navigation__next--label\">Page suivante<\/span><span class=\"post-navigation__next--title\">Air de jeux<\/span><\/span><span class=\"post-navigation__arrow-wrapper post-navigation__arrow-next\"><i class=\"fa fa-chevron-circle-right\" aria-hidden=\"true\"><\/i><span class=\"elementor-screen-only\">Next<\/span><\/span><\/a>\t\t\t<\/div>\n\t\t<\/div>\n\t\t\t\t<\/div>\n\t\t\t\t<\/div>\n\t\t\t\t\t\t<\/div>\n\t\t\t<\/div>\n\t\t<\/div>\n\t\t\t\t\t\t<\/div>\n\t\t\t<\/div>\n\t\t<\/section>\n\t\t\t\t<section class=\"elementor-element elementor-element-3dbb2e2e elementor-section-stretched elementor-section-full_width elementor-section-height-default elementor-section-height-default elementor-section elementor-top-section\" data-id=\"3dbb2e2e\" data-element_type=\"section\" data-settings=\"{&quot;stretch_section&quot;:&quot;section-stretched&quot;,&quot;background_background&quot;:&quot;classic&quot;}\">\n\t\t\t\t\t\t<div class=\"elementor-container elementor-column-gap-default\">\n\t\t\t\t<div class=\"elementor-row\">\n\t\t\t\t<div class=\"elementor-element elementor-element-70537919 elementor-column elementor-col-100 elementor-top-column\" data-id=\"70537919\" data-element_type=\"column\">\n\t\t\t<div class=\"elementor-column-wrap  elementor-element-populated\">\n\t\t\t\t\t<div class=\"elementor-widget-wrap\">\n\t\t\t\t<div class=\"elementor-element elementor-element-36baa2dd elementor-widget elementor-widget-heading\" data-id=\"36baa2dd\" data-element_type=\"widget\" data-widget_type=\"heading.default\">\n\t\t\t\t<div class=\"elementor-widget-container\">\n\t\t\t<h2 class=\"elementor-heading-title elementor-size-default\">(+212) 05 22 29 51 28    \/          direction@markas.ma     \/          www.markas.ma<\/h2>\t\t<\/div>\n\t\t\t\t<\/div>\n\t\t\t\t\t\t<\/div>\n\t\t\t<\/div>\n\t\t<\/div>\n\t\t\t\t\t\t<\/div>\n\t\t\t<\/div>\n\t\t<\/section>\n\t\t\t\t\t\t<\/div>\n\t\t\t<\/div>\n\t\t<\/div>\n\t\t","protected":false},"excerpt":{"rendered":"<p>* Ces r\u00e9alisations ont \u00e9t\u00e9 con\u00e7ues par notre infographiste pour le compte d&rsquo;autres entreprises. (+212) 05 22 29 51 28 \/ direction@markas.ma \/ www.markas.ma<\/p>\n","protected":false},"author":1,"featured_media":0,"parent":0,"menu_order":0,"comment_status":"closed","ping_status":"closed","template":"","meta":{"footnotes":""},"_links":{"self":[{"href":"http:\/\/markas.ma\/fr\/wp-json\/wp\/v2\/pages\/139"}],"collection":[{"href":"http:\/\/markas.ma\/fr\/wp-json\/wp\/v2\/pages"}],"about":[{"href":"http:\/\/markas.ma\/fr\/wp-json\/wp\/v2\/types\/page"}],"author":[{"embeddable":true,"href":"http:\/\/markas.ma\/fr\/wp-json\/wp\/v2\/users\/1"}],"replies":[{"embeddable":true,"href":"http:\/\/markas.ma\/fr\/wp-json\/wp\/v2\/comments?post=139"}],"version-history":[{"count":5,"href":"http:\/\/markas.ma\/fr\/wp-json\/wp\/v2\/pages\/139\/revisions"}],"predecessor-version":[{"id":1428,"href":"http:\/\/markas.ma\/fr\/wp-json\/wp\/v2\/pages\/139\/revisions\/1428"}],"wp:attachment":[{"href":"http:\/\/markas.ma\/fr\/wp-json\/wp\/v2\/media?parent=139"}],"curies":[{"name":"wp","href":"https:\/\/api.w.org\/{rel}","templated":true}]}}